{"id":1615,"date":"2021-09-15T13:37:53","date_gmt":"2021-09-15T11:37:53","guid":{"rendered":"http:\/\/benetecmed.com\/contact\/"},"modified":"2026-01-17T11:35:32","modified_gmt":"2026-01-17T10:35:32","slug":"contact","status":"publish","type":"page","link":"https:\/\/www.benetecmed.com\/fr\/contact\/","title":{"rendered":"Contacts"},"content":{"rendered":"<div class=\"wpb-content-wrapper\"><p>[vc_row row_height_percent=\u00a0\u00bb0&Prime; override_padding=\u00a0\u00bbyes\u00a0\u00bb h_padding=\u00a0\u00bb2&Prime; top_padding=\u00a0\u00bb2&Prime; bottom_padding=\u00a0\u00bb2&Prime; overlay_alpha=\u00a0\u00bb50&Prime; gutter_size=\u00a0\u00bb3&Prime; column_width_percent=\u00a0\u00bb100&Prime; shift_y=\u00a0\u00bb0&Prime; z_index=\u00a0\u00bb0&Prime;][vc_column width=\u00a0\u00bb1\/1&Prime;][vc_custom_heading text_color=\u00a0\u00bbcolor-143366&Prime; heading_semantic=\u00a0\u00bbh1&Prime; text_size=\u00a0\u00bbfontsize-187017&Prime; text_height=\u00a0\u00bbfontheight-752857&Prime;]<span class=\"fat\">Nous<\/span> <span class=\"light\">contacter<\/span>[\/vc_custom_heading][\/vc_column][\/vc_row][vc_row row_height_percent=\u00a0\u00bb0&Prime; overlay_alpha=\u00a0\u00bb50&Prime; gutter_size=\u00a0\u00bb3&Prime; column_width_percent=\u00a0\u00bb100&Prime; shift_y=\u00a0\u00bb0&Prime; z_index=\u00a0\u00bb0&Prime;][vc_column width=\u00a0\u00bb1\/2&Prime;][vc_row_inner][vc_column_inner width=\u00a0\u00bb1\/2&Prime;][vc_column_text uncode_shortcode_id=\u00a0\u00bb109919&Prime;]<strong>Benetec Sprl<\/strong><br \/>\nKelderbeemd 1A<br \/>\n2470 Retie<br \/>\nBelgique<\/p>\n<p>+32 (0)14 37 79 20<\/p>\n<p><a href=\"mailto:info@benetecmed.com\">info@benetecmed.com<\/a><br \/>\n<a href=\"#\">www.benetecmed.com<\/a><\/p>\n<p>BE 0434.525.455[\/vc_column_text][\/vc_column_inner][vc_column_inner width=\u00a0\u00bb1\/2&Prime;][\/vc_column_inner][\/vc_row_inner][vc_empty_space empty_h=\u00a0\u00bb1&Prime;][vc_separator sep_color=\u00a0\u00bb,Default\u00a0\u00bb][vc_empty_space empty_h=\u00a0\u00bb1&Prime;][vc_column_text]<a href=\"https:\/\/www.benetecmed.com\/wp-content\/uploads\/benetec-conditions-generales-de-ventes.pdf\" target=\"_blank\" rel=\"noopener\">Conditions g\u00e9n\u00e9rales<\/a>[\/vc_column_text][\/vc_column][vc_column column_width_percent=\u00a0\u00bb100&Prime; gutter_size=\u00a0\u00bb3&Prime; back_color=\u00a0\u00bbcolor-lxmt\u00a0\u00bb overlay_alpha=\u00a0\u00bb50&Prime; shift_x=\u00a0\u00bb0&Prime; shift_y=\u00a0\u00bb0&Prime; shift_y_down=\u00a0\u00bb0&Prime; z_index=\u00a0\u00bb0&Prime; medium_width=\u00a0\u00bb0&Prime; mobile_width=\u00a0\u00bb0&Prime; width=\u00a0\u00bb1\/2&Prime;][vc_column_text uncode_shortcode_id=\u00a0\u00bb994722&Prime;]<div class=\"forminator-ui forminator-custom-form forminator-custom-form-3806 forminator-design--basic  forminator_ajax\" data-forminator-render=\"0\" data-form=\"forminator-module-3806\" data-uid=\"69f2cbf52cae1\"><br\/><\/div><form\n\t\t\t\tid=\"forminator-module-3806\"\n\t\t\t\tclass=\"forminator-ui forminator-custom-form forminator-custom-form-3806 forminator-design--basic  forminator_ajax\"\n\t\t\t\tmethod=\"post\"\n\t\t\t\tdata-forminator-render=\"0\"\n\t\t\t\tdata-form-id=\"3806\"\n\t\t\t\t data-color-option=\"theme\" data-design=\"basic\" data-grid=\"open\" style=\"display: none;\"\n\t\t\t\tdata-uid=\"69f2cbf52cae1\"\n\t\t\t><div role=\"alert\" aria-live=\"polite\" class=\"forminator-response-message forminator-error\" aria-hidden=\"true\"><\/div><div class=\"forminator-row\"><div id=\"name-2\" class=\"forminator-field-name forminator-col forminator-col-12 \"><div class=\"forminator-row forminator-no-margin\" data-multiple=\"true\"><div class=\"forminator-col forminator-col-md-6\"><div class=\"forminator-field\"><label for=\"forminator-field-first-name-2_69f2cbf52cae1\" id=\"forminator-field-first-name-2_69f2cbf52cae1-label\" class=\"forminator-label\">Pr\u00e9nom <span class=\"forminator-required\">*<\/span><\/label><input type=\"text\" name=\"name-2-first-name\" placeholder=\"\" id=\"forminator-field-first-name-2_69f2cbf52cae1\" class=\"forminator-input\" aria-required=\"true\" data-multi=\"1\" autocomplete=\"given-name\" value=\"\" \/><\/div><\/div><div class=\"forminator-col forminator-col-md-6\"><div class=\"forminator-field\"><label for=\"forminator-field-last-name-2_69f2cbf52cae1\" id=\"forminator-field-last-name-2_69f2cbf52cae1-label\" class=\"forminator-label\">Nom de famille <span class=\"forminator-required\">*<\/span><\/label><input type=\"text\" name=\"name-2-last-name\" placeholder=\"\" id=\"forminator-field-last-name-2_69f2cbf52cae1\" class=\"forminator-input\" aria-required=\"true\" data-multi=\"1\" autocomplete=\"family-name\" value=\"\" \/><\/div><\/div><\/div><\/div><\/div><div class=\"forminator-row\"><div id=\"text-1\" class=\"forminator-field-text forminator-col forminator-col-6 \"><div class=\"forminator-field\"><label for=\"forminator-field-text-1_69f2cbf52cae1\" id=\"forminator-field-text-1_69f2cbf52cae1-label\" class=\"forminator-label\">Institution<\/label><input type=\"text\" name=\"text-1\" value=\"\" placeholder=\"\" id=\"forminator-field-text-1_69f2cbf52cae1\" class=\"forminator-input forminator-name--field\" data-required=\"\" \/><\/div><\/div><div id=\"radio-1\" class=\"forminator-field-radio forminator-col forminator-col-6 \"><div role=\"radiogroup\" class=\"forminator-field\" aria-labelledby=\"forminator-radiogroup-radio-1-69f2cbf52cae1-label\"><span id=\"forminator-radiogroup-radio-1-69f2cbf52cae1-label\" class=\"forminator-label\">D\u00e9partement<\/span><label id=\"forminator-field-radio-1-label-1\" for=\"forminator-field-radio-1-1-69f2cbf52cae1\" class=\"forminator-radio\" title=\"H\u00f4pital\"><input type=\"radio\" name=\"radio-1\" value=\"H\u00f4pital\" id=\"forminator-field-radio-1-1-69f2cbf52cae1\" aria-labelledby=\"forminator-field-radio-1-label-1\" data-calculation=\"0\"   data-hidden-behavior=\"zero\"\/><span class=\"forminator-radio-bullet\" aria-hidden=\"true\"><\/span><span class=\"forminator-radio-label\">H\u00f4pital<\/span><\/label><label id=\"forminator-field-radio-1-label-2\" for=\"forminator-field-radio-1-2-69f2cbf52cae1\" class=\"forminator-radio\" title=\"Pratique priv\u00e9e\"><input type=\"radio\" name=\"radio-1\" value=\"Pratique priv\u00e9e\" id=\"forminator-field-radio-1-2-69f2cbf52cae1\" aria-labelledby=\"forminator-field-radio-1-label-2\" data-calculation=\"0\"   data-hidden-behavior=\"zero\"\/><span class=\"forminator-radio-bullet\" aria-hidden=\"true\"><\/span><span class=\"forminator-radio-label\">Pratique priv\u00e9e<\/span><\/label><label id=\"forminator-field-radio-1-label-3\" for=\"forminator-field-radio-1-3-69f2cbf52cae1\" class=\"forminator-radio\" title=\"Autre:\"><input type=\"radio\" name=\"radio-1\" value=\"Autre:\" id=\"forminator-field-radio-1-3-69f2cbf52cae1\" aria-labelledby=\"forminator-field-radio-1-label-3\" data-calculation=\"0\"   data-hidden-behavior=\"zero\"\/><span class=\"forminator-radio-bullet\" aria-hidden=\"true\"><\/span><span class=\"forminator-radio-label\">Autre:<\/span><\/label><\/div><\/div><\/div><div class=\"forminator-row\"><div id=\"html-1\" class=\"forminator-field-html forminator-col forminator-col-6 \"><div class=\"forminator-field forminator-merge-tags\" data-field=\"html-1\"><\/div><\/div><div id=\"text-2\" class=\"forminator-field-text forminator-col forminator-col-6 \"><div class=\"forminator-field\"><label for=\"forminator-field-text-2_69f2cbf52cae1\" id=\"forminator-field-text-2_69f2cbf52cae1-label\" class=\"forminator-label\">Overige afdeling<\/label><input type=\"text\" name=\"text-2\" value=\"\" placeholder=\"\" id=\"forminator-field-text-2_69f2cbf52cae1\" class=\"forminator-input forminator-name--field\" data-required=\"\" \/><\/div><\/div><\/div><div class=\"forminator-row\"><div id=\"text-3\" class=\"forminator-field-text forminator-col forminator-col-6 \"><div class=\"forminator-field\"><label for=\"forminator-field-text-3_69f2cbf52cae1\" id=\"forminator-field-text-3_69f2cbf52cae1-label\" class=\"forminator-label\">Adresse<\/label><input type=\"text\" name=\"text-3\" value=\"\" placeholder=\"\" id=\"forminator-field-text-3_69f2cbf52cae1\" class=\"forminator-input forminator-name--field\" data-required=\"\" \/><\/div><\/div><div id=\"text-4\" class=\"forminator-field-text forminator-col forminator-col-6 \"><div class=\"forminator-field\"><label for=\"forminator-field-text-4_69f2cbf52cae1\" id=\"forminator-field-text-4_69f2cbf52cae1-label\" class=\"forminator-label\">Ville <span class=\"forminator-required\">*<\/span><\/label><input type=\"text\" name=\"text-4\" value=\"\" placeholder=\"\" id=\"forminator-field-text-4_69f2cbf52cae1\" class=\"forminator-input forminator-name--field\" data-required=\"1\" \/><\/div><\/div><\/div><div class=\"forminator-row\"><div id=\"text-5\" class=\"forminator-field-text forminator-col forminator-col-6 \"><div class=\"forminator-field\"><label for=\"forminator-field-text-5_69f2cbf52cae1\" id=\"forminator-field-text-5_69f2cbf52cae1-label\" class=\"forminator-label\">Pays <span class=\"forminator-required\">*<\/span><\/label><input type=\"text\" name=\"text-5\" value=\"\" placeholder=\"\" id=\"forminator-field-text-5_69f2cbf52cae1\" class=\"forminator-input forminator-name--field\" data-required=\"1\" \/><\/div><\/div><div id=\"phone-1\" class=\"forminator-field-phone forminator-col forminator-col-6 \"><div class=\"forminator-field\"><label for=\"forminator-field-phone-1_69f2cbf52cae1\" id=\"forminator-field-phone-1_69f2cbf52cae1-label\" class=\"forminator-label\">Num\u00e9ro de t\u00e9l\u00e9phone <span class=\"forminator-required\">*<\/span><\/label><input type=\"text\" name=\"phone-1\" value=\"\" placeholder=\"\" id=\"forminator-field-phone-1_69f2cbf52cae1\" class=\"forminator-input forminator-field--phone\" data-required=\"1\" aria-required=\"true\" autocomplete=\"off\" \/><\/div><\/div><\/div><div class=\"forminator-row\"><div id=\"text-6\" class=\"forminator-field-text forminator-col forminator-col-6 \"><div class=\"forminator-field\"><label for=\"forminator-field-text-6_69f2cbf52cae1\" id=\"forminator-field-text-6_69f2cbf52cae1-label\" class=\"forminator-label\">Fax<\/label><input type=\"text\" name=\"text-6\" value=\"\" placeholder=\"\" id=\"forminator-field-text-6_69f2cbf52cae1\" class=\"forminator-input forminator-name--field\" data-required=\"\" \/><\/div><\/div><div id=\"email-1\" class=\"forminator-field-email forminator-col forminator-col-6 \"><div class=\"forminator-field\"><label for=\"forminator-field-email-1_69f2cbf52cae1\" id=\"forminator-field-email-1_69f2cbf52cae1-label\" class=\"forminator-label\">E-mail <span class=\"forminator-required\">*<\/span><\/label><input type=\"email\" name=\"email-1\" value=\"\" placeholder=\"\" id=\"forminator-field-email-1_69f2cbf52cae1\" class=\"forminator-input forminator-email--field\" data-required=\"1\" aria-required=\"true\" autocomplete=\"email\" \/><\/div><\/div><\/div><div class=\"forminator-row\"><div id=\"textarea-1\" class=\"forminator-field-textarea forminator-col forminator-col-12 \"><div class=\"forminator-field\"><label for=\"forminator-field-textarea-1_69f2cbf52cae1\" id=\"forminator-field-textarea-1_69f2cbf52cae1-label\" class=\"forminator-label\">Message <span class=\"forminator-required\">*<\/span><\/label><textarea name=\"textarea-1\" placeholder=\"\" id=\"forminator-field-textarea-1_69f2cbf52cae1\" class=\"forminator-textarea\" rows=\"6\" style=\"--forminator-textarea-min-height:140px;\" ><\/textarea><\/div><\/div><\/div><div class=\"forminator-row\" style=\"margin: 0;\"><div id=\"captcha-1\" class=\"forminator-field-captcha  forminator-col-12 \"><div class=\"forminator-captcha-left forminator-g-recaptcha recaptcha-invisible\" data-theme=\"light\" data-badge=\"bottomleft\" data-sitekey=\"6LcTcKUqAAAAACjP1AOmZiIqHkvZ0I4OQEaDAZjS\" data-size=\"invisible\"><\/div> <\/div><\/div><input type=\"hidden\" name=\"referer_url\" value=\"\" \/><div class=\"forminator-row forminator-row-last\"><div class=\"forminator-col\"><div class=\"forminator-field\"><button class=\"forminator-button forminator-button-submit\">Envoyer<\/button><\/div><\/div><\/div><input type=\"hidden\" id=\"forminator_nonce\" name=\"forminator_nonce\" value=\"b640d80cc5\" \/><input type=\"hidden\" name=\"_wp_http_referer\" value=\"\/fr\/wp-json\/wp\/v2\/pages\/1615\" \/><input type=\"hidden\" name=\"form_id\" value=\"3806\"><input type=\"hidden\" name=\"page_id\" value=\"1615\"><input type=\"hidden\" name=\"form_type\" value=\"default\"><input type=\"hidden\" name=\"current_url\" value=\"https:\/\/www.benetecmed.com\/fr\/contact\/\"><input type=\"hidden\" name=\"render_id\" value=\"0\"><input type=\"hidden\" name=\"action\" value=\"forminator_submit_form_custom-forms\"><\/form>[\/vc_column_text][\/vc_column][\/vc_row][vc_row row_height_percent=\u00a0\u00bb0&Prime; override_padding=\u00a0\u00bbyes\u00a0\u00bb h_padding=\u00a0\u00bb2&Prime; top_padding=\u00a0\u00bb2&Prime; bottom_padding=\u00a0\u00bb4&Prime; overlay_alpha=\u00a0\u00bb50&Prime; gutter_size=\u00a0\u00bb3&Prime; column_width_percent=\u00a0\u00bb100&Prime; shift_y=\u00a0\u00bb0&Prime; z_index=\u00a0\u00bb0&Prime;][vc_column width=\u00a0\u00bb1\/1&Prime;][vc_raw_html]PGlmcmFtZSBzcmM9Imh0dHBzOi8vd3d3Lmdvb2dsZS5jb20vbWFwcy9lbWJlZD9wYj0hMW0xNCExbTghMW0zITFkOTk4NC4yMzA3OTM3NzY5NzEhMmQ1LjA4MDE5MiEzZDUxLjI3MzI1NyEzbTIhMWkxMDI0ITJpNzY4ITRmMTMuMSEzbTMhMW0yITFzMHgwJTNBMHg4MzBhMWEyNzJhZjg4N2IhMnNCZW5ldGVjJTIwYnZiYSE1ZTAhM20yITFzbmwhMnNiZSE0djE2MjQ0NDA3Mzg1MzAhNW0yITFzbmwhMnNiZSIgd2lkdGg9IjEwMCUiIGhlaWdodD0iNDUwIiBzdHlsZT0iYm9yZGVyOjA7IiBhbGxvd2Z1bGxzY3JlZW49IiIgbG9hZGluZz0ibGF6eSI+PC9pZnJhbWU+[\/vc_raw_html][\/vc_column][\/vc_row]<\/p>\n<\/div>","protected":false},"excerpt":{"rendered":"<p>[vc_row row_height_percent=\u00a0\u00bb0&Prime; override_padding=\u00a0\u00bbyes\u00a0\u00bb h_padding=\u00a0\u00bb2&Prime; top_padding=\u00a0\u00bb2&Prime; bottom_padding=\u00a0\u00bb2&Prime; overlay_alpha=\u00a0\u00bb50&Prime; gutter_size=\u00a0\u00bb3&Prime; column_width_percent=\u00a0\u00bb100&Prime; shift_y=\u00a0\u00bb0&Prime; z_index=\u00a0\u00bb0&Prime;][vc_column width=\u00a0\u00bb1\/1&Prime;][vc_custom_heading text_color=\u00a0\u00bbcolor-143366&Prime; heading_semantic=\u00a0\u00bbh1&Prime; text_size=\u00a0\u00bbfontsize-187017&Prime; text_height=\u00a0\u00bbfontheight-752857&Prime;]Nous contacter[\/vc_custom_heading][\/vc_column][\/vc_row][vc_row row_height_percent=\u00a0\u00bb0&Prime; overlay_alpha=\u00a0\u00bb50&Prime; gutter_size=\u00a0\u00bb3&Prime; [&hellip;]<\/p>\n","protected":false},"author":1,"featured_media":0,"parent":0,"menu_order":0,"comment_status":"closed","ping_status":"closed","template":"","meta":{"footnotes":""},"class_list":["post-1615","page","type-page","status-publish","hentry"],"yoast_head":"<!-- This site is optimized with the Yoast SEO plugin v27.5 - https:\/\/yoast.com\/product\/yoast-seo-wordpress\/ -->\n<title>Nous contacter &#8226; Benetec Medical Systems<\/title>\n<meta name=\"description\" content=\"Contactez Benetec, sp\u00e9cialis\u00e9 dans la distribution et la maintenance d&#039;\u00e9quipements et de consommables m\u00e9dicaux de diagnostic.\" \/>\n<meta name=\"robots\" content=\"index, follow, max-snippet:-1, max-image-preview:large, max-video-preview:-1\" \/>\n<link rel=\"canonical\" href=\"https:\/\/www.benetecmed.com\/fr\/contact\/\" \/>\n<meta property=\"og:locale\" content=\"fr_FR\" \/>\n<meta property=\"og:type\" content=\"article\" \/>\n<meta property=\"og:title\" content=\"Nous contacter &#8226; Benetec Medical Systems\" \/>\n<meta property=\"og:description\" content=\"Contactez Benetec, sp\u00e9cialis\u00e9 dans la distribution et la maintenance d&#039;\u00e9quipements et de consommables m\u00e9dicaux de diagnostic.\" \/>\n<meta property=\"og:url\" content=\"https:\/\/www.benetecmed.com\/fr\/contact\/\" \/>\n<meta property=\"og:site_name\" content=\"Benetec Medical Systems\" \/>\n<meta property=\"article:modified_time\" content=\"2026-01-17T10:35:32+00:00\" \/>\n<meta name=\"twitter:card\" content=\"summary_large_image\" \/>\n<meta name=\"twitter:label1\" content=\"Dur\u00e9e de lecture estim\u00e9e\" \/>\n\t<meta name=\"twitter:data1\" content=\"1 minute\" \/>\n<script type=\"application\/ld+json\" class=\"yoast-schema-graph\">{\"@context\":\"https:\\\/\\\/schema.org\",\"@graph\":[{\"@type\":\"WebPage\",\"@id\":\"https:\\\/\\\/www.benetecmed.com\\\/fr\\\/contact\\\/\",\"url\":\"https:\\\/\\\/www.benetecmed.com\\\/fr\\\/contact\\\/\",\"name\":\"Nous contacter &#8226; Benetec Medical Systems\",\"isPartOf\":{\"@id\":\"https:\\\/\\\/www.benetecmed.com\\\/fr\\\/#website\"},\"datePublished\":\"2021-09-15T11:37:53+00:00\",\"dateModified\":\"2026-01-17T10:35:32+00:00\",\"description\":\"Contactez Benetec, sp\u00e9cialis\u00e9 dans la distribution et la maintenance d'\u00e9quipements et de consommables m\u00e9dicaux de diagnostic.\",\"breadcrumb\":{\"@id\":\"https:\\\/\\\/www.benetecmed.com\\\/fr\\\/contact\\\/#breadcrumb\"},\"inLanguage\":\"fr-FR\",\"potentialAction\":[{\"@type\":\"ReadAction\",\"target\":[\"https:\\\/\\\/www.benetecmed.com\\\/fr\\\/contact\\\/\"]}]},{\"@type\":\"BreadcrumbList\",\"@id\":\"https:\\\/\\\/www.benetecmed.com\\\/fr\\\/contact\\\/#breadcrumb\",\"itemListElement\":[{\"@type\":\"ListItem\",\"position\":1,\"name\":\"Home\",\"item\":\"https:\\\/\\\/www.benetecmed.com\\\/fr\\\/accueil\\\/\"},{\"@type\":\"ListItem\",\"position\":2,\"name\":\"Contacts\"}]},{\"@type\":\"WebSite\",\"@id\":\"https:\\\/\\\/www.benetecmed.com\\\/fr\\\/#website\",\"url\":\"https:\\\/\\\/www.benetecmed.com\\\/fr\\\/\",\"name\":\"Benetec Medical Systems\",\"description\":\"\",\"potentialAction\":[{\"@type\":\"SearchAction\",\"target\":{\"@type\":\"EntryPoint\",\"urlTemplate\":\"https:\\\/\\\/www.benetecmed.com\\\/fr\\\/?s={search_term_string}\"},\"query-input\":{\"@type\":\"PropertyValueSpecification\",\"valueRequired\":true,\"valueName\":\"search_term_string\"}}],\"inLanguage\":\"fr-FR\"}]}<\/script>\n<!-- \/ Yoast SEO plugin. -->","yoast_head_json":{"title":"Nous contacter &#8226; Benetec Medical Systems","description":"Contactez Benetec, sp\u00e9cialis\u00e9 dans la distribution et la maintenance d'\u00e9quipements et de consommables m\u00e9dicaux de diagnostic.","robots":{"index":"index","follow":"follow","max-snippet":"max-snippet:-1","max-image-preview":"max-image-preview:large","max-video-preview":"max-video-preview:-1"},"canonical":"https:\/\/www.benetecmed.com\/fr\/contact\/","og_locale":"fr_FR","og_type":"article","og_title":"Nous contacter &#8226; Benetec Medical Systems","og_description":"Contactez Benetec, sp\u00e9cialis\u00e9 dans la distribution et la maintenance d'\u00e9quipements et de consommables m\u00e9dicaux de diagnostic.","og_url":"https:\/\/www.benetecmed.com\/fr\/contact\/","og_site_name":"Benetec Medical Systems","article_modified_time":"2026-01-17T10:35:32+00:00","twitter_card":"summary_large_image","twitter_misc":{"Dur\u00e9e de lecture estim\u00e9e":"1 minute"},"schema":{"@context":"https:\/\/schema.org","@graph":[{"@type":"WebPage","@id":"https:\/\/www.benetecmed.com\/fr\/contact\/","url":"https:\/\/www.benetecmed.com\/fr\/contact\/","name":"Nous contacter &#8226; Benetec Medical Systems","isPartOf":{"@id":"https:\/\/www.benetecmed.com\/fr\/#website"},"datePublished":"2021-09-15T11:37:53+00:00","dateModified":"2026-01-17T10:35:32+00:00","description":"Contactez Benetec, sp\u00e9cialis\u00e9 dans la distribution et la maintenance d'\u00e9quipements et de consommables m\u00e9dicaux de diagnostic.","breadcrumb":{"@id":"https:\/\/www.benetecmed.com\/fr\/contact\/#breadcrumb"},"inLanguage":"fr-FR","potentialAction":[{"@type":"ReadAction","target":["https:\/\/www.benetecmed.com\/fr\/contact\/"]}]},{"@type":"BreadcrumbList","@id":"https:\/\/www.benetecmed.com\/fr\/contact\/#breadcrumb","itemListElement":[{"@type":"ListItem","position":1,"name":"Home","item":"https:\/\/www.benetecmed.com\/fr\/accueil\/"},{"@type":"ListItem","position":2,"name":"Contacts"}]},{"@type":"WebSite","@id":"https:\/\/www.benetecmed.com\/fr\/#website","url":"https:\/\/www.benetecmed.com\/fr\/","name":"Benetec Medical Systems","description":"","potentialAction":[{"@type":"SearchAction","target":{"@type":"EntryPoint","urlTemplate":"https:\/\/www.benetecmed.com\/fr\/?s={search_term_string}"},"query-input":{"@type":"PropertyValueSpecification","valueRequired":true,"valueName":"search_term_string"}}],"inLanguage":"fr-FR"}]}},"_links":{"self":[{"href":"https:\/\/www.benetecmed.com\/fr\/wp-json\/wp\/v2\/pages\/1615","targetHints":{"allow":["GET"]}}],"collection":[{"href":"https:\/\/www.benetecmed.com\/fr\/wp-json\/wp\/v2\/pages"}],"about":[{"href":"https:\/\/www.benetecmed.com\/fr\/wp-json\/wp\/v2\/types\/page"}],"author":[{"embeddable":true,"href":"https:\/\/www.benetecmed.com\/fr\/wp-json\/wp\/v2\/users\/1"}],"replies":[{"embeddable":true,"href":"https:\/\/www.benetecmed.com\/fr\/wp-json\/wp\/v2\/comments?post=1615"}],"version-history":[{"count":6,"href":"https:\/\/www.benetecmed.com\/fr\/wp-json\/wp\/v2\/pages\/1615\/revisions"}],"predecessor-version":[{"id":4147,"href":"https:\/\/www.benetecmed.com\/fr\/wp-json\/wp\/v2\/pages\/1615\/revisions\/4147"}],"wp:attachment":[{"href":"https:\/\/www.benetecmed.com\/fr\/wp-json\/wp\/v2\/media?parent=1615"}],"curies":[{"name":"wp","href":"https:\/\/api.w.org\/{rel}","templated":true}]}}