{"id":1603,"date":"2021-09-15T13:21:31","date_gmt":"2021-09-15T11:21:31","guid":{"rendered":"http:\/\/benetecmed.com\/service\/"},"modified":"2026-03-31T19:14:17","modified_gmt":"2026-03-31T17:14:17","slug":"service","status":"publish","type":"page","link":"https:\/\/www.benetecmed.com\/fr\/service\/","title":{"rendered":"Service"},"content":{"rendered":"<div class=\"wpb-content-wrapper\"><p>[vc_row row_height_percent=\u00a0\u00bb0&Prime; override_padding=\u00a0\u00bbyes\u00a0\u00bb h_padding=\u00a0\u00bb2&Prime; top_padding=\u00a0\u00bb2&Prime; bottom_padding=\u00a0\u00bb2&Prime; overlay_alpha=\u00a0\u00bb50&Prime; gutter_size=\u00a0\u00bb3&Prime; column_width_percent=\u00a0\u00bb100&Prime; shift_y=\u00a0\u00bb0&Prime; z_index=\u00a0\u00bb0&Prime;][vc_column width=\u00a0\u00bb1\/1&Prime;][vc_custom_heading text_color=\u00a0\u00bbcolor-143366&Prime; heading_semantic=\u00a0\u00bbh1&Prime; text_size=\u00a0\u00bbfontsize-187017&Prime; text_height=\u00a0\u00bbfontheight-752857&Prime;]<span class=\"light\">Notre<\/span> <span class=\"fat\">service<\/span>[\/vc_custom_heading][vc_empty_space empty_h=\u00a0\u00bb2&Prime;][vc_row_inner row_inner_height_percent=\u00a0\u00bb0&Prime; overlay_alpha=\u00a0\u00bb50&Prime; gutter_size=\u00a0\u00bb3&Prime; shift_y=\u00a0\u00bb0&Prime; z_index=\u00a0\u00bb0&Prime;][vc_column_inner column_width_percent=\u00a0\u00bb100&Prime; gutter_size=\u00a0\u00bb3&Prime; overlay_alpha=\u00a0\u00bb50&Prime; shift_x=\u00a0\u00bb0&Prime; shift_y=\u00a0\u00bb0&Prime; shift_y_down=\u00a0\u00bb0&Prime; z_index=\u00a0\u00bb0&Prime; medium_width=\u00a0\u00bb0&Prime; mobile_width=\u00a0\u00bb0&Prime; width=\u00a0\u00bb1\/2&Prime;][vc_custom_heading text_color=\u00a0\u00bbcolor-143366&Prime; separator=\u00a0\u00bbyes\u00a0\u00bb]Nous sommes l\u00e0 pour vous[\/vc_custom_heading][vc_column_text]Nous consid\u00e9rons qu&rsquo;un service apr\u00e8s-vente rapide et efficace est un \u00e9l\u00e9ment essentiel de notre activit\u00e9. \u00c0 cette fin, nous disposons d&rsquo;une solide \u00e9quipe de techniciens exp\u00e9riment\u00e9s et de sp\u00e9cialistes d&rsquo;application qualifi\u00e9s b\u00e9n\u00e9ficiant d&rsquo;une formation \u00e9tendue ma\u00eetrisant l&rsquo;ensemble de notre gamme de dispositifs m\u00e9dicaux. [\/vc_column_text][vc_custom_heading text_color=\u00a0\u00bbcolor-143366&Prime; separator=\u00a0\u00bbyes\u00a0\u00bb]Un service optimal[\/vc_custom_heading][vc_column_text]Nos services vous offrent un large \u00e9ventail de possibilit\u00e9s pour assurer la continuit\u00e9 de votre cabinet ou de votre service et vous apporter un soutien suppl\u00e9mentaire dans votre travail quotidien. Notre service d&rsquo;assistance est en mesure de vous offrir imm\u00e9diatement des conseils et des solutions techniques. Qu&rsquo;il s&rsquo;agisse d&rsquo;un service de maintenance ou d&rsquo;un probl\u00e8me technique, nous r\u00e9fl\u00e9chissons avec vous et trouvons la solution la plus rapide et la plus \u00e9conomique pour vous. Pour assurer ce soutien, nous disposons d&rsquo;un important stock de pi\u00e8ces de rechange et de plusieurs d\u00e9p\u00f4ts.[\/vc_column_text][\/vc_column_inner][vc_column_inner width=\u00a0\u00bb1\/2&Prime;][\/vc_column_inner][\/vc_row_inner][\/vc_column][\/vc_row][vc_row row_height_percent=\u00a0\u00bb0&Prime; override_padding=\u00a0\u00bbyes\u00a0\u00bb h_padding=\u00a0\u00bb2&Prime; top_padding=\u00a0\u00bb0&Prime; bottom_padding=\u00a0\u00bb4&Prime; overlay_alpha=\u00a0\u00bb50&Prime; gutter_size=\u00a0\u00bb3&Prime; column_width_percent=\u00a0\u00bb100&Prime; shift_y=\u00a0\u00bb0&Prime; z_index=\u00a0\u00bb0&Prime; el_id=\u00a0\u00bbicontextblock\u00a0\u00bb el_class=\u00a0\u00bbdiensten\u00a0\u00bb][vc_column width=\u00a0\u00bb1\/1&Prime;][vc_row_inner row_inner_height_percent=\u00a0\u00bb0&Prime; overlay_alpha=\u00a0\u00bb50&Prime; gutter_size=\u00a0\u00bb3&Prime; shift_y=\u00a0\u00bb0&Prime; z_index=\u00a0\u00bb0&Prime;][vc_column_inner column_width_percent=\u00a0\u00bb100&Prime; position_vertical=\u00a0\u00bbmiddle\u00a0\u00bb gutter_size=\u00a0\u00bb3&Prime; overlay_alpha=\u00a0\u00bb50&Prime; shift_x=\u00a0\u00bb0&Prime; shift_y=\u00a0\u00bb0&Prime; shift_y_down=\u00a0\u00bb0&Prime; z_index=\u00a0\u00bb0&Prime; medium_width=\u00a0\u00bb0&Prime; mobile_width=\u00a0\u00bb0&Prime; width=\u00a0\u00bb1\/2&Prime;][vc_custom_heading text_color=\u00a0\u00bbcolor-143366&Prime; heading_semantic=\u00a0\u00bbh3&Prime; text_size=\u00a0\u00bbh5&Prime; text_height=\u00a0\u00bbfontheight-230401&Prime; el_class=\u00a0\u00bbplanning\u00a0\u00bb]<strong>De la planification \u00e0 la mise en \u0153uvre<\/strong><br \/>\nVous d\u00e9marrez un nouveau cabinet, vous vous agrandissez, vous r\u00e9novez ou vous d\u00e9m\u00e9nagez ? Nous vous aidons \u00e0 mener \u00e0 bien cette t\u00e2che. Nous pouvons vous conseiller sur le choix de l&rsquo;\u00e9quipement, les pr\u00e9parations, l&rsquo;\u00e9laboration des plans, le choix d\u2019un transport adapt\u00e9 aux besoins et l&rsquo;installation de l&rsquo;\u00e9quipement dans votre nouveau cabinet ou salle d&rsquo;examen. Pour les ajustements structurels, vous pouvez faire appel \u00e0 l&rsquo;un de nos partenaires.[\/vc_custom_heading][vc_custom_heading text_color=\u00a0\u00bbcolor-143366&Prime; heading_semantic=\u00a0\u00bbh3&Prime; text_size=\u00a0\u00bbh5&Prime; text_height=\u00a0\u00bbfontheight-230401&Prime; el_class=\u00a0\u00bbimplementatie\u00a0\u00bb]<strong>Mise en \u0153uvre et optimisation<br \/>\n<\/strong>Apr\u00e8s la vente, nous ferons \u00e9videmment tout ce qu\u2019il faut pour que votre nouvel achat fonctionne parfaitement et vous donne enti\u00e8re satisfaction. Ce support peut prendre plusieurs formes : la gestion de  l&rsquo;installation, l&rsquo;int\u00e9gration informatique, la formation en mati\u00e8re d\u2019utilisation ou de maintenance, les offres \u00e9ducatives (formation clinique)[\/vc_custom_heading][vc_custom_heading text_color=\u00a0\u00bbcolor-143366&Prime; heading_semantic=\u00a0\u00bbh3&Prime; text_size=\u00a0\u00bbh5&Prime; text_height=\u00a0\u00bbfontheight-230401&Prime; el_class=\u00a0\u00bbonderhoud\u00a0\u00bb]<strong>Pr\u00e9vention et entretien<\/strong><br \/>\nVous pouvez compter sur un service technique rapide et efficace, nous proposons \u00e9galement une assistance \u00e0 distance, une maintenance pr\u00e9ventive, des formations pour votre propre d\u00e9partement d&rsquo;ing\u00e9nierie biom\u00e9dicale. Nous disposons de notre propre service de transport qui assure un transport adapt\u00e9 pour les dispositifs m\u00e9dicaux.[\/vc_custom_heading][vc_custom_heading text_color=\u00a0\u00bbcolor-143366&Prime; heading_semantic=\u00a0\u00bbh3&Prime; text_size=\u00a0\u00bbh5&Prime; text_height=\u00a0\u00bbfontheight-230401&Prime; el_class=\u00a0\u00bbbeveiliging\u00a0\u00bb]<strong>Mises \u00e0 niveau et s\u00e9curit\u00e9<\/strong><br \/>\nLe service comprend \u00e9galement diverses options pour maintenir votre appareil \u00e0 jour. Par exemple : mises \u00e0 jour de logiciels, mises \u00e0 jour de s\u00e9curit\u00e9 contre la cybercriminalit\u00e9, mises \u00e0 niveau mat\u00e9rielles \u00e9ventuelles, options de reprise ou options de location sp\u00e9ciales vous permettant de renouveler plus rapidement votre outil de travail.[\/vc_custom_heading][vc_custom_heading text_color=\u00a0\u00bbcolor-143366&Prime; heading_semantic=\u00a0\u00bbh3&Prime; text_size=\u00a0\u00bbh5&Prime; text_height=\u00a0\u00bbfontheight-230401&Prime; el_class=\u00a0\u00bbdesinfectie\u00a0\u00bb]<strong>D\u00e9sinfection et accessoires<br \/>\n<\/strong>Notre portefeuille comprend \u00e9galement des services et des produits pour vous aider \u00e0 utiliser des accessoires s\u00fbrs et efficaces et \u00e0 effectuer les proc\u00e9dures de d\u00e9sinfection correctes. Nous sommes toujours pr\u00eats \u00e0 vous fournir de plus amples informations.[\/vc_custom_heading][vc_single_image media=\u00a0\u00bb4287&Prime; media_width_use_pixel=\u00a0\u00bbyes\u00a0\u00bb uncode_shortcode_id=\u00a0\u00bb155305&Prime; media_width_pixel=\u00a0\u00bb240&Prime;][\/vc_column_inner][vc_column_inner width=\u00a0\u00bb1\/2&Prime;][\/vc_column_inner][\/vc_row_inner][\/vc_column][\/vc_row][vc_row row_height_percent=\u00a0\u00bb0&Prime; override_padding=\u00a0\u00bbyes\u00a0\u00bb h_padding=\u00a0\u00bb2&Prime; top_padding=\u00a0\u00bb2&Prime; bottom_padding=\u00a0\u00bb4&Prime; overlay_alpha=\u00a0\u00bb50&Prime; gutter_size=\u00a0\u00bb3&Prime; column_width_percent=\u00a0\u00bb100&Prime; shift_y=\u00a0\u00bb0&Prime; z_index=\u00a0\u00bb0&Prime;][vc_column width=\u00a0\u00bb1\/1&Prime;][vc_empty_space empty_h=\u00a0\u00bb2&Prime;][\/vc_column][\/vc_row]<\/p>\n<\/div>","protected":false},"excerpt":{"rendered":"<p>[vc_row row_height_percent=\u00a0\u00bb0&Prime; override_padding=\u00a0\u00bbyes\u00a0\u00bb h_padding=\u00a0\u00bb2&Prime; top_padding=\u00a0\u00bb2&Prime; bottom_padding=\u00a0\u00bb2&Prime; overlay_alpha=\u00a0\u00bb50&Prime; gutter_size=\u00a0\u00bb3&Prime; column_width_percent=\u00a0\u00bb100&Prime; shift_y=\u00a0\u00bb0&Prime; z_index=\u00a0\u00bb0&Prime;][vc_column width=\u00a0\u00bb1\/1&Prime;][vc_custom_heading text_color=\u00a0\u00bbcolor-143366&Prime; heading_semantic=\u00a0\u00bbh1&Prime; text_size=\u00a0\u00bbfontsize-187017&Prime; text_height=\u00a0\u00bbfontheight-752857&Prime;]Notre service[\/vc_custom_heading][vc_empty_space empty_h=\u00a0\u00bb2&Prime;][vc_row_inner row_inner_height_percent=\u00a0\u00bb0&Prime; overlay_alpha=\u00a0\u00bb50&Prime; [&hellip;]<\/p>\n","protected":false},"author":1,"featured_media":0,"parent":0,"menu_order":0,"comment_status":"closed","ping_status":"closed","template":"","meta":{"footnotes":""},"class_list":["post-1603","page","type-page","status-publish","hentry"],"yoast_head":"<!-- This site is optimized with the Yoast SEO plugin v27.5 - https:\/\/yoast.com\/product\/yoast-seo-wordpress\/ -->\n<title>Notre service &#8226; Benetec Medical Systems<\/title>\n<meta name=\"description\" content=\"Notre \u00e9quipe de sp\u00e9cialistes d&#039;applications et d&#039;ing\u00e9nieurs de service qualifi\u00e9s a tout ce qu&#039;il faut pour fournir un service rapide et professionnel.\" \/>\n<meta name=\"robots\" content=\"index, follow, max-snippet:-1, max-image-preview:large, max-video-preview:-1\" \/>\n<link rel=\"canonical\" href=\"https:\/\/www.benetecmed.com\/fr\/service\/\" \/>\n<meta property=\"og:locale\" content=\"fr_FR\" \/>\n<meta property=\"og:type\" content=\"article\" \/>\n<meta property=\"og:title\" content=\"Notre service &#8226; Benetec Medical Systems\" \/>\n<meta property=\"og:description\" content=\"Notre \u00e9quipe de sp\u00e9cialistes d&#039;applications et d&#039;ing\u00e9nieurs de service qualifi\u00e9s a tout ce qu&#039;il faut pour fournir un service rapide et professionnel.\" \/>\n<meta property=\"og:url\" content=\"https:\/\/www.benetecmed.com\/fr\/service\/\" \/>\n<meta property=\"og:site_name\" content=\"Benetec Medical Systems\" \/>\n<meta property=\"article:modified_time\" content=\"2026-03-31T17:14:17+00:00\" \/>\n<meta name=\"twitter:card\" content=\"summary_large_image\" \/>\n<meta name=\"twitter:label1\" content=\"Dur\u00e9e de lecture estim\u00e9e\" \/>\n\t<meta name=\"twitter:data1\" content=\"3 minutes\" \/>\n<script type=\"application\/ld+json\" class=\"yoast-schema-graph\">{\"@context\":\"https:\\\/\\\/schema.org\",\"@graph\":[{\"@type\":\"WebPage\",\"@id\":\"https:\\\/\\\/www.benetecmed.com\\\/fr\\\/service\\\/\",\"url\":\"https:\\\/\\\/www.benetecmed.com\\\/fr\\\/service\\\/\",\"name\":\"Notre service &#8226; Benetec Medical Systems\",\"isPartOf\":{\"@id\":\"https:\\\/\\\/www.benetecmed.com\\\/fr\\\/#website\"},\"datePublished\":\"2021-09-15T11:21:31+00:00\",\"dateModified\":\"2026-03-31T17:14:17+00:00\",\"description\":\"Notre \u00e9quipe de sp\u00e9cialistes d'applications et d'ing\u00e9nieurs de service qualifi\u00e9s a tout ce qu'il faut pour fournir un service rapide et professionnel.\",\"breadcrumb\":{\"@id\":\"https:\\\/\\\/www.benetecmed.com\\\/fr\\\/service\\\/#breadcrumb\"},\"inLanguage\":\"fr-FR\",\"potentialAction\":[{\"@type\":\"ReadAction\",\"target\":[\"https:\\\/\\\/www.benetecmed.com\\\/fr\\\/service\\\/\"]}]},{\"@type\":\"BreadcrumbList\",\"@id\":\"https:\\\/\\\/www.benetecmed.com\\\/fr\\\/service\\\/#breadcrumb\",\"itemListElement\":[{\"@type\":\"ListItem\",\"position\":1,\"name\":\"Home\",\"item\":\"https:\\\/\\\/www.benetecmed.com\\\/fr\\\/accueil\\\/\"},{\"@type\":\"ListItem\",\"position\":2,\"name\":\"Service\"}]},{\"@type\":\"WebSite\",\"@id\":\"https:\\\/\\\/www.benetecmed.com\\\/fr\\\/#website\",\"url\":\"https:\\\/\\\/www.benetecmed.com\\\/fr\\\/\",\"name\":\"Benetec Medical Systems\",\"description\":\"\",\"potentialAction\":[{\"@type\":\"SearchAction\",\"target\":{\"@type\":\"EntryPoint\",\"urlTemplate\":\"https:\\\/\\\/www.benetecmed.com\\\/fr\\\/?s={search_term_string}\"},\"query-input\":{\"@type\":\"PropertyValueSpecification\",\"valueRequired\":true,\"valueName\":\"search_term_string\"}}],\"inLanguage\":\"fr-FR\"}]}<\/script>\n<!-- \/ Yoast SEO plugin. -->","yoast_head_json":{"title":"Notre service &#8226; Benetec Medical Systems","description":"Notre \u00e9quipe de sp\u00e9cialistes d'applications et d'ing\u00e9nieurs de service qualifi\u00e9s a tout ce qu'il faut pour fournir un service rapide et professionnel.","robots":{"index":"index","follow":"follow","max-snippet":"max-snippet:-1","max-image-preview":"max-image-preview:large","max-video-preview":"max-video-preview:-1"},"canonical":"https:\/\/www.benetecmed.com\/fr\/service\/","og_locale":"fr_FR","og_type":"article","og_title":"Notre service &#8226; Benetec Medical Systems","og_description":"Notre \u00e9quipe de sp\u00e9cialistes d'applications et d'ing\u00e9nieurs de service qualifi\u00e9s a tout ce qu'il faut pour fournir un service rapide et professionnel.","og_url":"https:\/\/www.benetecmed.com\/fr\/service\/","og_site_name":"Benetec Medical Systems","article_modified_time":"2026-03-31T17:14:17+00:00","twitter_card":"summary_large_image","twitter_misc":{"Dur\u00e9e de lecture estim\u00e9e":"3 minutes"},"schema":{"@context":"https:\/\/schema.org","@graph":[{"@type":"WebPage","@id":"https:\/\/www.benetecmed.com\/fr\/service\/","url":"https:\/\/www.benetecmed.com\/fr\/service\/","name":"Notre service &#8226; Benetec Medical Systems","isPartOf":{"@id":"https:\/\/www.benetecmed.com\/fr\/#website"},"datePublished":"2021-09-15T11:21:31+00:00","dateModified":"2026-03-31T17:14:17+00:00","description":"Notre \u00e9quipe de sp\u00e9cialistes d'applications et d'ing\u00e9nieurs de service qualifi\u00e9s a tout ce qu'il faut pour fournir un service rapide et professionnel.","breadcrumb":{"@id":"https:\/\/www.benetecmed.com\/fr\/service\/#breadcrumb"},"inLanguage":"fr-FR","potentialAction":[{"@type":"ReadAction","target":["https:\/\/www.benetecmed.com\/fr\/service\/"]}]},{"@type":"BreadcrumbList","@id":"https:\/\/www.benetecmed.com\/fr\/service\/#breadcrumb","itemListElement":[{"@type":"ListItem","position":1,"name":"Home","item":"https:\/\/www.benetecmed.com\/fr\/accueil\/"},{"@type":"ListItem","position":2,"name":"Service"}]},{"@type":"WebSite","@id":"https:\/\/www.benetecmed.com\/fr\/#website","url":"https:\/\/www.benetecmed.com\/fr\/","name":"Benetec Medical Systems","description":"","potentialAction":[{"@type":"SearchAction","target":{"@type":"EntryPoint","urlTemplate":"https:\/\/www.benetecmed.com\/fr\/?s={search_term_string}"},"query-input":{"@type":"PropertyValueSpecification","valueRequired":true,"valueName":"search_term_string"}}],"inLanguage":"fr-FR"}]}},"_links":{"self":[{"href":"https:\/\/www.benetecmed.com\/fr\/wp-json\/wp\/v2\/pages\/1603","targetHints":{"allow":["GET"]}}],"collection":[{"href":"https:\/\/www.benetecmed.com\/fr\/wp-json\/wp\/v2\/pages"}],"about":[{"href":"https:\/\/www.benetecmed.com\/fr\/wp-json\/wp\/v2\/types\/page"}],"author":[{"embeddable":true,"href":"https:\/\/www.benetecmed.com\/fr\/wp-json\/wp\/v2\/users\/1"}],"replies":[{"embeddable":true,"href":"https:\/\/www.benetecmed.com\/fr\/wp-json\/wp\/v2\/comments?post=1603"}],"version-history":[{"count":3,"href":"https:\/\/www.benetecmed.com\/fr\/wp-json\/wp\/v2\/pages\/1603\/revisions"}],"predecessor-version":[{"id":4316,"href":"https:\/\/www.benetecmed.com\/fr\/wp-json\/wp\/v2\/pages\/1603\/revisions\/4316"}],"wp:attachment":[{"href":"https:\/\/www.benetecmed.com\/fr\/wp-json\/wp\/v2\/media?parent=1603"}],"curies":[{"name":"wp","href":"https:\/\/api.w.org\/{rel}","templated":true}]}}