{"id":1595,"date":"2021-09-15T13:18:28","date_gmt":"2021-09-15T11:18:28","guid":{"rendered":"http:\/\/benetecmed.com\/a-propos\/"},"modified":"2026-03-31T19:12:35","modified_gmt":"2026-03-31T17:12:35","slug":"a-propos","status":"publish","type":"page","link":"https:\/\/www.benetecmed.com\/fr\/a-propos\/","title":{"rendered":"A propos"},"content":{"rendered":"<div class=\"wpb-content-wrapper\"><p>[vc_row row_height_percent=\u00a0\u00bb0&Prime; override_padding=\u00a0\u00bbyes\u00a0\u00bb h_padding=\u00a0\u00bb2&Prime; top_padding=\u00a0\u00bb2&Prime; bottom_padding=\u00a0\u00bb4&Prime; overlay_alpha=\u00a0\u00bb50&Prime; gutter_size=\u00a0\u00bb3&Prime; column_width_percent=\u00a0\u00bb100&Prime; shift_y=\u00a0\u00bb0&Prime; z_index=\u00a0\u00bb0&Prime;][vc_column width=\u00a0\u00bb1\/1&Prime;][vc_custom_heading text_color=\u00a0\u00bbcolor-143366&Prime; heading_semantic=\u00a0\u00bbh1&Prime; text_size=\u00a0\u00bbfontsize-187017&Prime; text_height=\u00a0\u00bbfontheight-752857&Prime;]<span class=\"fat\">A<\/span> <span class=\"light\">propos<\/span>[\/vc_custom_heading][vc_empty_space empty_h=\u00a0\u00bb2&Prime;][vc_row_inner row_inner_height_percent=\u00a0\u00bb0&Prime; overlay_alpha=\u00a0\u00bb50&Prime; gutter_size=\u00a0\u00bb3&Prime; shift_y=\u00a0\u00bb0&Prime; z_index=\u00a0\u00bb0&Prime;][vc_column_inner column_width_percent=\u00a0\u00bb100&Prime; position_vertical=\u00a0\u00bbmiddle\u00a0\u00bb gutter_size=\u00a0\u00bb3&Prime; overlay_alpha=\u00a0\u00bb50&Prime; shift_x=\u00a0\u00bb0&Prime; shift_y=\u00a0\u00bb0&Prime; shift_y_down=\u00a0\u00bb0&Prime; z_index=\u00a0\u00bb0&Prime; medium_width=\u00a0\u00bb0&Prime; mobile_width=\u00a0\u00bb0&Prime; width=\u00a0\u00bb1\/2&Prime;][vc_custom_heading text_color=\u00a0\u00bbcolor-143366&Prime; separator=\u00a0\u00bbyes\u00a0\u00bb]La soci\u00e9t\u00e9 Benetec[\/vc_custom_heading][vc_column_text uncode_shortcode_id=\u00a0\u00bb174116&Prime;]La soci\u00e9t\u00e9 Benetec, fond\u00e9e en 1988 est situ\u00e9e \u00e0 Retie (Belgique), \u00e0 mi-chemin entre Anvers et Eindhoven. Notre filiale n\u00e9erlandaise est situ\u00e9e \u00e0 Groessen, pr\u00e8s d&rsquo;Arnhem. L\u2019entreprise est sp\u00e9cialis\u00e9e dans la distribution et la maintenance d&rsquo;\u00e9quipements et de dispositifs m\u00e9dicaux sp\u00e9cialis\u00e9s.<\/p>\n<p>Notre gamme de produits comprend des \u00e9quipements de diagnostic par ultrasons, par rayons X et par fluoroscopie, conebeam CT, des dispositifs sp\u00e9cialis\u00e9s pour la biopsie cibl\u00e9e de la prostate et des instruments et syst\u00e8mes chirurgicaux les moins invasifs possible.<\/p>\n<p>Benetec distribue les produits de fabricants dynamiques, hautement sp\u00e9cialis\u00e9s, \u00e0 la pointe des d\u00e9veloppements technologiques dans leur domaine sp\u00e9cifique. La satisfaction de nos clients est notre priorit\u00e9 \u00a0: en tant que distributeurs ind\u00e9pendants, nous s\u00e9lectionnons soigneusement nos fournisseurs et ne \u00a0vendons que des produits r\u00e9pondant aux normes de qualit\u00e9 les plus \u00e9lev\u00e9es. Nous savons que le succ\u00e8s de notre entreprise d\u00e9pend largement de l\u2019efficacit\u00e9 de notre service technique apr\u00e8s-vente. Par cons\u00e9quent il occupe une place primordiale dans notre organisation.[\/vc_column_text][vc_single_image media=\u00a0\u00bb4287&Prime; media_width_use_pixel=\u00a0\u00bbyes\u00a0\u00bb uncode_shortcode_id=\u00a0\u00bb197178&Prime; media_width_pixel=\u00a0\u00bb240&Prime;][\/vc_column_inner][vc_column_inner width=\u00a0\u00bb1\/2&Prime;][vc_empty_space empty_h=\u00a0\u00bb2&Prime;][vc_single_image media=\u00a0\u00bb1600&Prime; media_width_percent=\u00a0\u00bb100&Prime; shadow=\u00a0\u00bbyes\u00a0\u00bb shadow_weight=\u00a0\u00bbsm\u00a0\u00bb][\/vc_column_inner][\/vc_row_inner][\/vc_column][\/vc_row]<\/p>\n<\/div>","protected":false},"excerpt":{"rendered":"<p>[vc_row row_height_percent=\u00a0\u00bb0&Prime; override_padding=\u00a0\u00bbyes\u00a0\u00bb h_padding=\u00a0\u00bb2&Prime; top_padding=\u00a0\u00bb2&Prime; bottom_padding=\u00a0\u00bb4&Prime; overlay_alpha=\u00a0\u00bb50&Prime; gutter_size=\u00a0\u00bb3&Prime; column_width_percent=\u00a0\u00bb100&Prime; shift_y=\u00a0\u00bb0&Prime; z_index=\u00a0\u00bb0&Prime;][vc_column width=\u00a0\u00bb1\/1&Prime;][vc_custom_heading text_color=\u00a0\u00bbcolor-143366&Prime; heading_semantic=\u00a0\u00bbh1&Prime; text_size=\u00a0\u00bbfontsize-187017&Prime; text_height=\u00a0\u00bbfontheight-752857&Prime;]A propos[\/vc_custom_heading][vc_empty_space empty_h=\u00a0\u00bb2&Prime;][vc_row_inner row_inner_height_percent=\u00a0\u00bb0&Prime; overlay_alpha=\u00a0\u00bb50&Prime; [&hellip;]<\/p>\n","protected":false},"author":1,"featured_media":0,"parent":0,"menu_order":0,"comment_status":"closed","ping_status":"closed","template":"","meta":{"footnotes":""},"class_list":["post-1595","page","type-page","status-publish","hentry"],"yoast_head":"<!-- This site is optimized with the Yoast SEO plugin v27.5 - https:\/\/yoast.com\/product\/yoast-seo-wordpress\/ -->\n<title>\u00c0 propos de Benetec &#8226; Benetec Medical Systems<\/title>\n<meta name=\"description\" content=\"Benetec est sp\u00e9cialis\u00e9 dans la distribution et la maintenance d&#039;\u00e9quipements et de consommables m\u00e9dicaux de diagnostic de haute qualit\u00e9.\" \/>\n<meta name=\"robots\" content=\"index, follow, max-snippet:-1, max-image-preview:large, max-video-preview:-1\" \/>\n<link rel=\"canonical\" href=\"https:\/\/www.benetecmed.com\/fr\/a-propos\/\" \/>\n<meta property=\"og:locale\" content=\"fr_FR\" \/>\n<meta property=\"og:type\" content=\"article\" \/>\n<meta property=\"og:title\" content=\"\u00c0 propos de Benetec &#8226; Benetec Medical Systems\" \/>\n<meta property=\"og:description\" content=\"Benetec est sp\u00e9cialis\u00e9 dans la distribution et la maintenance d&#039;\u00e9quipements et de consommables m\u00e9dicaux de diagnostic de haute qualit\u00e9.\" \/>\n<meta property=\"og:url\" content=\"https:\/\/www.benetecmed.com\/fr\/a-propos\/\" \/>\n<meta property=\"og:site_name\" content=\"Benetec Medical Systems\" \/>\n<meta property=\"article:modified_time\" content=\"2026-03-31T17:12:35+00:00\" \/>\n<meta name=\"twitter:card\" content=\"summary_large_image\" \/>\n<meta name=\"twitter:label1\" content=\"Dur\u00e9e de lecture estim\u00e9e\" \/>\n\t<meta name=\"twitter:data1\" content=\"2 minutes\" \/>\n<script type=\"application\/ld+json\" class=\"yoast-schema-graph\">{\"@context\":\"https:\\\/\\\/schema.org\",\"@graph\":[{\"@type\":\"WebPage\",\"@id\":\"https:\\\/\\\/www.benetecmed.com\\\/fr\\\/a-propos\\\/\",\"url\":\"https:\\\/\\\/www.benetecmed.com\\\/fr\\\/a-propos\\\/\",\"name\":\"\u00c0 propos de Benetec &#8226; Benetec Medical Systems\",\"isPartOf\":{\"@id\":\"https:\\\/\\\/www.benetecmed.com\\\/fr\\\/#website\"},\"datePublished\":\"2021-09-15T11:18:28+00:00\",\"dateModified\":\"2026-03-31T17:12:35+00:00\",\"description\":\"Benetec est sp\u00e9cialis\u00e9 dans la distribution et la maintenance d'\u00e9quipements et de consommables m\u00e9dicaux de diagnostic de haute qualit\u00e9.\",\"breadcrumb\":{\"@id\":\"https:\\\/\\\/www.benetecmed.com\\\/fr\\\/a-propos\\\/#breadcrumb\"},\"inLanguage\":\"fr-FR\",\"potentialAction\":[{\"@type\":\"ReadAction\",\"target\":[\"https:\\\/\\\/www.benetecmed.com\\\/fr\\\/a-propos\\\/\"]}]},{\"@type\":\"BreadcrumbList\",\"@id\":\"https:\\\/\\\/www.benetecmed.com\\\/fr\\\/a-propos\\\/#breadcrumb\",\"itemListElement\":[{\"@type\":\"ListItem\",\"position\":1,\"name\":\"Home\",\"item\":\"https:\\\/\\\/www.benetecmed.com\\\/fr\\\/accueil\\\/\"},{\"@type\":\"ListItem\",\"position\":2,\"name\":\"A propos\"}]},{\"@type\":\"WebSite\",\"@id\":\"https:\\\/\\\/www.benetecmed.com\\\/fr\\\/#website\",\"url\":\"https:\\\/\\\/www.benetecmed.com\\\/fr\\\/\",\"name\":\"Benetec Medical Systems\",\"description\":\"\",\"potentialAction\":[{\"@type\":\"SearchAction\",\"target\":{\"@type\":\"EntryPoint\",\"urlTemplate\":\"https:\\\/\\\/www.benetecmed.com\\\/fr\\\/?s={search_term_string}\"},\"query-input\":{\"@type\":\"PropertyValueSpecification\",\"valueRequired\":true,\"valueName\":\"search_term_string\"}}],\"inLanguage\":\"fr-FR\"}]}<\/script>\n<!-- \/ Yoast SEO plugin. -->","yoast_head_json":{"title":"\u00c0 propos de Benetec &#8226; Benetec Medical Systems","description":"Benetec est sp\u00e9cialis\u00e9 dans la distribution et la maintenance d'\u00e9quipements et de consommables m\u00e9dicaux de diagnostic de haute qualit\u00e9.","robots":{"index":"index","follow":"follow","max-snippet":"max-snippet:-1","max-image-preview":"max-image-preview:large","max-video-preview":"max-video-preview:-1"},"canonical":"https:\/\/www.benetecmed.com\/fr\/a-propos\/","og_locale":"fr_FR","og_type":"article","og_title":"\u00c0 propos de Benetec &#8226; Benetec Medical Systems","og_description":"Benetec est sp\u00e9cialis\u00e9 dans la distribution et la maintenance d'\u00e9quipements et de consommables m\u00e9dicaux de diagnostic de haute qualit\u00e9.","og_url":"https:\/\/www.benetecmed.com\/fr\/a-propos\/","og_site_name":"Benetec Medical Systems","article_modified_time":"2026-03-31T17:12:35+00:00","twitter_card":"summary_large_image","twitter_misc":{"Dur\u00e9e de lecture estim\u00e9e":"2 minutes"},"schema":{"@context":"https:\/\/schema.org","@graph":[{"@type":"WebPage","@id":"https:\/\/www.benetecmed.com\/fr\/a-propos\/","url":"https:\/\/www.benetecmed.com\/fr\/a-propos\/","name":"\u00c0 propos de Benetec &#8226; Benetec Medical Systems","isPartOf":{"@id":"https:\/\/www.benetecmed.com\/fr\/#website"},"datePublished":"2021-09-15T11:18:28+00:00","dateModified":"2026-03-31T17:12:35+00:00","description":"Benetec est sp\u00e9cialis\u00e9 dans la distribution et la maintenance d'\u00e9quipements et de consommables m\u00e9dicaux de diagnostic de haute qualit\u00e9.","breadcrumb":{"@id":"https:\/\/www.benetecmed.com\/fr\/a-propos\/#breadcrumb"},"inLanguage":"fr-FR","potentialAction":[{"@type":"ReadAction","target":["https:\/\/www.benetecmed.com\/fr\/a-propos\/"]}]},{"@type":"BreadcrumbList","@id":"https:\/\/www.benetecmed.com\/fr\/a-propos\/#breadcrumb","itemListElement":[{"@type":"ListItem","position":1,"name":"Home","item":"https:\/\/www.benetecmed.com\/fr\/accueil\/"},{"@type":"ListItem","position":2,"name":"A propos"}]},{"@type":"WebSite","@id":"https:\/\/www.benetecmed.com\/fr\/#website","url":"https:\/\/www.benetecmed.com\/fr\/","name":"Benetec Medical Systems","description":"","potentialAction":[{"@type":"SearchAction","target":{"@type":"EntryPoint","urlTemplate":"https:\/\/www.benetecmed.com\/fr\/?s={search_term_string}"},"query-input":{"@type":"PropertyValueSpecification","valueRequired":true,"valueName":"search_term_string"}}],"inLanguage":"fr-FR"}]}},"_links":{"self":[{"href":"https:\/\/www.benetecmed.com\/fr\/wp-json\/wp\/v2\/pages\/1595","targetHints":{"allow":["GET"]}}],"collection":[{"href":"https:\/\/www.benetecmed.com\/fr\/wp-json\/wp\/v2\/pages"}],"about":[{"href":"https:\/\/www.benetecmed.com\/fr\/wp-json\/wp\/v2\/types\/page"}],"author":[{"embeddable":true,"href":"https:\/\/www.benetecmed.com\/fr\/wp-json\/wp\/v2\/users\/1"}],"replies":[{"embeddable":true,"href":"https:\/\/www.benetecmed.com\/fr\/wp-json\/wp\/v2\/comments?post=1595"}],"version-history":[{"count":10,"href":"https:\/\/www.benetecmed.com\/fr\/wp-json\/wp\/v2\/pages\/1595\/revisions"}],"predecessor-version":[{"id":4314,"href":"https:\/\/www.benetecmed.com\/fr\/wp-json\/wp\/v2\/pages\/1595\/revisions\/4314"}],"wp:attachment":[{"href":"https:\/\/www.benetecmed.com\/fr\/wp-json\/wp\/v2\/media?parent=1595"}],"curies":[{"name":"wp","href":"https:\/\/api.w.org\/{rel}","templated":true}]}}