{"id":1593,"date":"2021-09-15T12:09:26","date_gmt":"2021-09-15T10:09:26","guid":{"rendered":"http:\/\/benetecmed.com\/chirurgie\/"},"modified":"2025-03-05T10:04:07","modified_gmt":"2025-03-05T09:04:07","slug":"micro-ondes","status":"publish","type":"page","link":"https:\/\/www.benetecmed.com\/fr\/micro-ondes\/","title":{"rendered":"Micro-ondes"},"content":{"rendered":"<div class=\"wpb-content-wrapper\"><p>[vc_row row_height_percent=\u00a0\u00bb0&Prime; override_padding=\u00a0\u00bbyes\u00a0\u00bb h_padding=\u00a0\u00bb2&Prime; top_padding=\u00a0\u00bb2&Prime; bottom_padding=\u00a0\u00bb4&Prime; overlay_alpha=\u00a0\u00bb50&Prime; gutter_size=\u00a0\u00bb3&Prime; column_width_percent=\u00a0\u00bb100&Prime; shift_y=\u00a0\u00bb0&Prime; z_index=\u00a0\u00bb0&Prime;][vc_column width=\u00a0\u00bb1\/1&Prime;][uncode_index el_id=\u00a0\u00bbindex-163178&Prime; isotope_mode=\u00a0\u00bbfitRows\u00a0\u00bb loop=\u00a0\u00bbsize:All|order_by:date|post_type:post|categories:193|taxonomy_count:10&Prime; screen_lg=\u00a0\u00bb1000&Prime; screen_md=\u00a0\u00bb600&Prime; screen_sm=\u00a0\u00bb480&Prime; filtering=\u00a0\u00bbyes\u00a0\u00bb filtering_uppercase=\u00a0\u00bbyes\u00a0\u00bb filter_back_color=\u00a0\u00bbcolor-lxmt\u00a0\u00bb filter_all_opposite=\u00a0\u00bbyes\u00a0\u00bb gutter_size=\u00a0\u00bb3&Prime; post_items=\u00a0\u00bbmedia|featured|nolink|original,title,text|excerpt,sep-one|full,detail-110062&Prime; single_width=\u00a0\u00bb3&Prime; images_size=\u00a0\u00bbsixteen-nine\u00a0\u00bb single_overlay_opacity=\u00a0\u00bb1&Prime; single_overlay_anim=\u00a0\u00bbno\u00a0\u00bb single_text_anim=\u00a0\u00bbno\u00a0\u00bb single_image_anim=\u00a0\u00bbno\u00a0\u00bb single_padding=\u00a0\u00bb2&Prime; single_title_dimension=\u00a0\u00bbh4&Prime; filter_all_text=\u00a0\u00bbAfficher tout\u00a0\u00bb items=\u00a0\u00bbeyI2NF9pIjp7InNpbmdsZV9saW5rIjoidXJsOmh0dHBzJTNBJTJGJTJGd3d3LmltYXh4LmJlfHx0YXJnZXQ6JTIwX2JsYW5rfCJ9LCI1MF9pIjp7InNpbmdsZV9saW5rIjoidXJsOmh0dHBzJTNBJTJGJTJGd3d3LmltYXh4LmJlfHx0YXJnZXQ6JTIwX2JsYW5rfCJ9LCI0OF9pIjp7InNpbmdsZV9saW5rIjoidXJsOmh0dHBzJTNBJTJGJTJGd3d3LmltYXh4LmJlfHx0YXJnZXQ6JTIwX2JsYW5rfCJ9fQ==\u00a0\u00bb el_class=\u00a0\u00bbtabel\u00a0\u00bb uncode_shortcode_id=\u00a0\u00bb965146&Prime; filter_back_color_type=\u00a0\u00bbuncode-palette\u00a0\u00bb][\/vc_column][\/vc_row]<\/p>\n<\/div>","protected":false},"excerpt":{"rendered":"<p>[vc_row row_height_percent=\u00a0\u00bb0&Prime; override_padding=\u00a0\u00bbyes\u00a0\u00bb h_padding=\u00a0\u00bb2&Prime; top_padding=\u00a0\u00bb2&Prime; bottom_padding=\u00a0\u00bb4&Prime; overlay_alpha=\u00a0\u00bb50&Prime; gutter_size=\u00a0\u00bb3&Prime; column_width_percent=\u00a0\u00bb100&Prime; shift_y=\u00a0\u00bb0&Prime; z_index=\u00a0\u00bb0&Prime;][vc_column width=\u00a0\u00bb1\/1&Prime;][uncode_index el_id=\u00a0\u00bbindex-163178&Prime; isotope_mode=\u00a0\u00bbfitRows\u00a0\u00bb loop=\u00a0\u00bbsize:All|order_by:date|post_type:post|categories:193|taxonomy_count:10&Prime; screen_lg=\u00a0\u00bb1000&Prime; screen_md=\u00a0\u00bb600&Prime; screen_sm=\u00a0\u00bb480&Prime; filtering=\u00a0\u00bbyes\u00a0\u00bb filtering_uppercase=\u00a0\u00bbyes\u00a0\u00bb [&hellip;]<\/p>\n","protected":false},"author":1,"featured_media":0,"parent":0,"menu_order":0,"comment_status":"closed","ping_status":"closed","template":"","meta":{"footnotes":""},"class_list":["post-1593","page","type-page","status-publish","hentry"],"yoast_head":"<!-- This site is optimized with the Yoast SEO plugin v27.4 - https:\/\/yoast.com\/product\/yoast-seo-wordpress\/ -->\n<title>\u00c9quipements et consommables de chirurgie &#8226; Benetec Medical Systems<\/title>\n<meta name=\"description\" content=\"Benetec est sp\u00e9cialis\u00e9 dans la distribution et la maintenance d&#039;\u00e9quipements m\u00e9dicaux de diagnostic et consommables de chirurgie.\" \/>\n<meta name=\"robots\" content=\"index, follow, max-snippet:-1, max-image-preview:large, max-video-preview:-1\" \/>\n<link rel=\"canonical\" href=\"https:\/\/www.benetecmed.com\/fr\/micro-ondes\/\" \/>\n<meta property=\"og:locale\" content=\"fr_FR\" \/>\n<meta property=\"og:type\" content=\"article\" \/>\n<meta property=\"og:title\" content=\"\u00c9quipements et consommables de chirurgie &#8226; Benetec Medical Systems\" \/>\n<meta property=\"og:description\" content=\"Benetec est sp\u00e9cialis\u00e9 dans la distribution et la maintenance d&#039;\u00e9quipements m\u00e9dicaux de diagnostic et consommables de chirurgie.\" \/>\n<meta property=\"og:url\" content=\"https:\/\/www.benetecmed.com\/fr\/micro-ondes\/\" \/>\n<meta property=\"og:site_name\" content=\"Benetec Medical Systems\" \/>\n<meta property=\"article:modified_time\" content=\"2025-03-05T09:04:07+00:00\" \/>\n<meta name=\"twitter:card\" content=\"summary_large_image\" \/>\n<meta name=\"twitter:label1\" content=\"Dur\u00e9e de lecture estim\u00e9e\" \/>\n\t<meta name=\"twitter:data1\" content=\"1 minute\" \/>\n<script type=\"application\/ld+json\" class=\"yoast-schema-graph\">{\"@context\":\"https:\\\/\\\/schema.org\",\"@graph\":[{\"@type\":\"WebPage\",\"@id\":\"https:\\\/\\\/www.benetecmed.com\\\/fr\\\/micro-ondes\\\/\",\"url\":\"https:\\\/\\\/www.benetecmed.com\\\/fr\\\/micro-ondes\\\/\",\"name\":\"\u00c9quipements et consommables de chirurgie &#8226; Benetec Medical Systems\",\"isPartOf\":{\"@id\":\"https:\\\/\\\/www.benetecmed.com\\\/fr\\\/#website\"},\"datePublished\":\"2021-09-15T10:09:26+00:00\",\"dateModified\":\"2025-03-05T09:04:07+00:00\",\"description\":\"Benetec est sp\u00e9cialis\u00e9 dans la distribution et la maintenance d'\u00e9quipements m\u00e9dicaux de diagnostic et consommables de chirurgie.\",\"breadcrumb\":{\"@id\":\"https:\\\/\\\/www.benetecmed.com\\\/fr\\\/micro-ondes\\\/#breadcrumb\"},\"inLanguage\":\"fr-FR\",\"potentialAction\":[{\"@type\":\"ReadAction\",\"target\":[\"https:\\\/\\\/www.benetecmed.com\\\/fr\\\/micro-ondes\\\/\"]}]},{\"@type\":\"BreadcrumbList\",\"@id\":\"https:\\\/\\\/www.benetecmed.com\\\/fr\\\/micro-ondes\\\/#breadcrumb\",\"itemListElement\":[{\"@type\":\"ListItem\",\"position\":1,\"name\":\"Home\",\"item\":\"https:\\\/\\\/www.benetecmed.com\\\/fr\\\/accueil\\\/\"},{\"@type\":\"ListItem\",\"position\":2,\"name\":\"Micro-ondes\"}]},{\"@type\":\"WebSite\",\"@id\":\"https:\\\/\\\/www.benetecmed.com\\\/fr\\\/#website\",\"url\":\"https:\\\/\\\/www.benetecmed.com\\\/fr\\\/\",\"name\":\"Benetec Medical Systems\",\"description\":\"\",\"potentialAction\":[{\"@type\":\"SearchAction\",\"target\":{\"@type\":\"EntryPoint\",\"urlTemplate\":\"https:\\\/\\\/www.benetecmed.com\\\/fr\\\/?s={search_term_string}\"},\"query-input\":{\"@type\":\"PropertyValueSpecification\",\"valueRequired\":true,\"valueName\":\"search_term_string\"}}],\"inLanguage\":\"fr-FR\"}]}<\/script>\n<!-- \/ Yoast SEO plugin. -->","yoast_head_json":{"title":"\u00c9quipements et consommables de chirurgie &#8226; Benetec Medical Systems","description":"Benetec est sp\u00e9cialis\u00e9 dans la distribution et la maintenance d'\u00e9quipements m\u00e9dicaux de diagnostic et consommables de chirurgie.","robots":{"index":"index","follow":"follow","max-snippet":"max-snippet:-1","max-image-preview":"max-image-preview:large","max-video-preview":"max-video-preview:-1"},"canonical":"https:\/\/www.benetecmed.com\/fr\/micro-ondes\/","og_locale":"fr_FR","og_type":"article","og_title":"\u00c9quipements et consommables de chirurgie &#8226; Benetec Medical Systems","og_description":"Benetec est sp\u00e9cialis\u00e9 dans la distribution et la maintenance d'\u00e9quipements m\u00e9dicaux de diagnostic et consommables de chirurgie.","og_url":"https:\/\/www.benetecmed.com\/fr\/micro-ondes\/","og_site_name":"Benetec Medical Systems","article_modified_time":"2025-03-05T09:04:07+00:00","twitter_card":"summary_large_image","twitter_misc":{"Dur\u00e9e de lecture estim\u00e9e":"1 minute"},"schema":{"@context":"https:\/\/schema.org","@graph":[{"@type":"WebPage","@id":"https:\/\/www.benetecmed.com\/fr\/micro-ondes\/","url":"https:\/\/www.benetecmed.com\/fr\/micro-ondes\/","name":"\u00c9quipements et consommables de chirurgie &#8226; Benetec Medical Systems","isPartOf":{"@id":"https:\/\/www.benetecmed.com\/fr\/#website"},"datePublished":"2021-09-15T10:09:26+00:00","dateModified":"2025-03-05T09:04:07+00:00","description":"Benetec est sp\u00e9cialis\u00e9 dans la distribution et la maintenance d'\u00e9quipements m\u00e9dicaux de diagnostic et consommables de chirurgie.","breadcrumb":{"@id":"https:\/\/www.benetecmed.com\/fr\/micro-ondes\/#breadcrumb"},"inLanguage":"fr-FR","potentialAction":[{"@type":"ReadAction","target":["https:\/\/www.benetecmed.com\/fr\/micro-ondes\/"]}]},{"@type":"BreadcrumbList","@id":"https:\/\/www.benetecmed.com\/fr\/micro-ondes\/#breadcrumb","itemListElement":[{"@type":"ListItem","position":1,"name":"Home","item":"https:\/\/www.benetecmed.com\/fr\/accueil\/"},{"@type":"ListItem","position":2,"name":"Micro-ondes"}]},{"@type":"WebSite","@id":"https:\/\/www.benetecmed.com\/fr\/#website","url":"https:\/\/www.benetecmed.com\/fr\/","name":"Benetec Medical Systems","description":"","potentialAction":[{"@type":"SearchAction","target":{"@type":"EntryPoint","urlTemplate":"https:\/\/www.benetecmed.com\/fr\/?s={search_term_string}"},"query-input":{"@type":"PropertyValueSpecification","valueRequired":true,"valueName":"search_term_string"}}],"inLanguage":"fr-FR"}]}},"_links":{"self":[{"href":"https:\/\/www.benetecmed.com\/fr\/wp-json\/wp\/v2\/pages\/1593","targetHints":{"allow":["GET"]}}],"collection":[{"href":"https:\/\/www.benetecmed.com\/fr\/wp-json\/wp\/v2\/pages"}],"about":[{"href":"https:\/\/www.benetecmed.com\/fr\/wp-json\/wp\/v2\/types\/page"}],"author":[{"embeddable":true,"href":"https:\/\/www.benetecmed.com\/fr\/wp-json\/wp\/v2\/users\/1"}],"replies":[{"embeddable":true,"href":"https:\/\/www.benetecmed.com\/fr\/wp-json\/wp\/v2\/comments?post=1593"}],"version-history":[{"count":7,"href":"https:\/\/www.benetecmed.com\/fr\/wp-json\/wp\/v2\/pages\/1593\/revisions"}],"predecessor-version":[{"id":3894,"href":"https:\/\/www.benetecmed.com\/fr\/wp-json\/wp\/v2\/pages\/1593\/revisions\/3894"}],"wp:attachment":[{"href":"https:\/\/www.benetecmed.com\/fr\/wp-json\/wp\/v2\/media?parent=1593"}],"curies":[{"name":"wp","href":"https:\/\/api.w.org\/{rel}","templated":true}]}}